{"id":4067,"date":"2016-08-31T10:19:06","date_gmt":"2016-08-31T08:19:06","guid":{"rendered":"http:\/\/www.axaris.de\/?page_id=4067"},"modified":"2018-04-24T10:00:03","modified_gmt":"2018-04-24T08:00:03","slug":"impressum","status":"publish","type":"page","link":"https:\/\/axaris.de\/index.php\/impressum\/","title":{"rendered":"Impressum"},"content":{"rendered":"<p>[et_pb_section bb_built=&#8220;1&#8243; admin_label=&#8220;section&#8220;][et_pb_row admin_label=&#8220;row&#8220; background_position=&#8220;top_left&#8220; background_repeat=&#8220;repeat&#8220; background_size=&#8220;initial&#8220;][et_pb_column type=&#8220;4_4&#8243;][et_pb_text admin_label=&#8220;Impressum&#8220; background_layout=&#8220;light&#8220; text_text_color=&#8220;#000000&#8243; use_border_color=&#8220;off&#8220; border_color=&#8220;#ffffff&#8220; border_style=&#8220;solid&#8220; background_position=&#8220;top_left&#8220; background_repeat=&#8220;repeat&#8220; background_size=&#8220;initial&#8220; _builder_version=&#8220;3.0.89&#8243; border_color_all=&#8220;#ffffff&#8220;]<\/p>\n<h3><strong>Impressum<\/strong><\/h3>\n<p>&nbsp;<\/p>\n<p>axaris &#8211; software &amp; systeme GmbH<br \/>\nMax-Eyth-Weg 2<br \/>\n89160 Dornstadt<br \/>\nDeutschland<\/p>\n<p>Tel: &nbsp;+49 (731) 151 899-0<br \/>\nFax: +49 (731) 151 899-21<br \/>\n<a href=\"mailto:info@axaris.de\">info@axaris.de<\/a><\/p>\n<p>Gesch\u00e4ftsf\u00fchrer: Michael Volk, Markus M\u00fcller, Klaus Baumgartner<br \/>\nwissenschaftlicher Beirat: Prof. Dr. Franz Schweiggert<\/p>\n<p>Handelsregister: Amtsgericht Ulm, HRB 36 88<br \/>\nUmsatzsteuer-Identifikationsnummer: DE197012848<\/p>\n<p>Gerichtsstand ist Ulm\/Donau, Deutschland.<\/p>\n<p><span style=\"color: #ffffff;\">.<\/span><br \/>\n<a href=\"https:\/\/www.axaris.de\/index.php\/rechtliche-hinweise\/\">Rechtliche Hinweise<\/a><\/p>\n<p><a href=\"https:\/\/www.axaris.de\/index.php\/bildnachweise\/\">Bildnachweise<\/a><\/p>\n<p><a href=\"https:\/\/www.axaris.de\/index.php\/agbs\/\">Allgemeine Gesch\u00e4ftsbedingungen<\/a><\/p>\n<p><a href=\"https:\/\/www.axaris.de\/index.php\/datenschutzerklaerung\/\">Datenschutzerkl\u00e4rung<\/a><\/p>\n<p>&nbsp;<\/p>\n<p>Letzte \u00c4nderung: April 2018<\/p>\n<p>[\/et_pb_text][\/et_pb_column][\/et_pb_row][\/et_pb_section]<\/p>\n","protected":false},"excerpt":{"rendered":"<p>[et_pb_section bb_built=&#8220;1&#8243; admin_label=&#8220;section&#8220;][et_pb_row admin_label=&#8220;row&#8220; background_position=&#8220;top_left&#8220; background_repeat=&#8220;repeat&#8220; background_size=&#8220;initial&#8220;][et_pb_column type=&#8220;4_4&#8243;][et_pb_text admin_label=&#8220;Impressum&#8220; background_layout=&#8220;light&#8220; text_text_color=&#8220;#000000&#8243; use_border_color=&#8220;off&#8220; border_color=&#8220;#ffffff&#8220; border_style=&#8220;solid&#8220; background_position=&#8220;top_left&#8220; background_repeat=&#8220;repeat&#8220; background_size=&#8220;initial&#8220; _builder_version=&#8220;3.0.89&#8243; border_color_all=&#8220;#ffffff&#8220;] Impressum &nbsp; axaris &#8211; software &amp; systeme GmbH Max-Eyth-Weg 2 89160 Dornstadt Deutschland Tel: &nbsp;+49 (731) 151 899-0 Fax: +49 (731) 151 899-21 info@axaris.de Gesch\u00e4ftsf\u00fchrer: Michael Volk, Markus M\u00fcller, Klaus Baumgartner wissenschaftlicher Beirat: Prof. Dr. Franz [&hellip;]<\/p>\n","protected":false},"author":1,"featured_media":0,"parent":0,"menu_order":0,"comment_status":"closed","ping_status":"closed","template":"","meta":{"_et_pb_use_builder":"on","_et_pb_old_content":"","_et_gb_content_width":"","footnotes":""},"class_list":["post-4067","page","type-page","status-publish","hentry"],"yoast_head":"<!-- This site is optimized with the Yoast SEO plugin v27.5 - https:\/\/yoast.com\/product\/yoast-seo-wordpress\/ -->\n<title>Impressum - axaris - software &amp; systeme GmbH<\/title>\n<meta name=\"robots\" content=\"index, follow, max-snippet:-1, max-image-preview:large, max-video-preview:-1\" \/>\n<link rel=\"canonical\" href=\"https:\/\/axaris.de\/index.php\/impressum\/\" \/>\n<meta property=\"og:locale\" content=\"de_DE\" \/>\n<meta property=\"og:type\" content=\"article\" \/>\n<meta property=\"og:title\" content=\"Impressum - axaris - software &amp; systeme GmbH\" \/>\n<meta property=\"og:description\" content=\"[et_pb_section bb_built=&#8220;1&#8243; admin_label=&#8220;section&#8220;][et_pb_row admin_label=&#8220;row&#8220; background_position=&#8220;top_left&#8220; background_repeat=&#8220;repeat&#8220; background_size=&#8220;initial&#8220;][et_pb_column type=&#8220;4_4&#8243;][et_pb_text admin_label=&#8220;Impressum&#8220; background_layout=&#8220;light&#8220; text_text_color=&#8220;#000000&#8243; use_border_color=&#8220;off&#8220; border_color=&#8220;#ffffff&#8220; border_style=&#8220;solid&#8220; background_position=&#8220;top_left&#8220; background_repeat=&#8220;repeat&#8220; background_size=&#8220;initial&#8220; _builder_version=&#8220;3.0.89&#8243; border_color_all=&#8220;#ffffff&#8220;] Impressum &nbsp; axaris &#8211; software &amp; systeme GmbH Max-Eyth-Weg 2 89160 Dornstadt Deutschland Tel: &nbsp;+49 (731) 151 899-0 Fax: +49 (731) 151 899-21 info@axaris.de Gesch\u00e4ftsf\u00fchrer: Michael Volk, Markus M\u00fcller, Klaus Baumgartner wissenschaftlicher Beirat: Prof. Dr. Franz [&hellip;]\" \/>\n<meta property=\"og:url\" content=\"https:\/\/axaris.de\/index.php\/impressum\/\" \/>\n<meta property=\"og:site_name\" content=\"axaris - software &amp; systeme GmbH\" \/>\n<meta property=\"article:publisher\" content=\"https:\/\/www.facebook.com\/axaris-software-systeme-GmbH-125442057567939\/\" \/>\n<meta property=\"article:modified_time\" content=\"2018-04-24T08:00:03+00:00\" \/>\n<meta name=\"twitter:card\" content=\"summary_large_image\" \/>\n<meta name=\"twitter:label1\" content=\"Gesch\u00e4tzte Lesezeit\" \/>\n\t<meta name=\"twitter:data1\" content=\"1\u00a0Minute\" \/>\n<script type=\"application\/ld+json\" class=\"yoast-schema-graph\">{\"@context\":\"https:\\\/\\\/schema.org\",\"@graph\":[{\"@type\":\"WebPage\",\"@id\":\"https:\\\/\\\/axaris.de\\\/index.php\\\/impressum\\\/\",\"url\":\"https:\\\/\\\/axaris.de\\\/index.php\\\/impressum\\\/\",\"name\":\"Impressum - axaris - software &amp; systeme GmbH\",\"isPartOf\":{\"@id\":\"https:\\\/\\\/axaris.de\\\/#website\"},\"datePublished\":\"2016-08-31T08:19:06+00:00\",\"dateModified\":\"2018-04-24T08:00:03+00:00\",\"breadcrumb\":{\"@id\":\"https:\\\/\\\/axaris.de\\\/index.php\\\/impressum\\\/#breadcrumb\"},\"inLanguage\":\"de\",\"potentialAction\":[{\"@type\":\"ReadAction\",\"target\":[\"https:\\\/\\\/axaris.de\\\/index.php\\\/impressum\\\/\"]}]},{\"@type\":\"BreadcrumbList\",\"@id\":\"https:\\\/\\\/axaris.de\\\/index.php\\\/impressum\\\/#breadcrumb\",\"itemListElement\":[{\"@type\":\"ListItem\",\"position\":1,\"name\":\"Startseite\",\"item\":\"https:\\\/\\\/axaris.de\\\/\"},{\"@type\":\"ListItem\",\"position\":2,\"name\":\"Impressum\"}]},{\"@type\":\"WebSite\",\"@id\":\"https:\\\/\\\/axaris.de\\\/#website\",\"url\":\"https:\\\/\\\/axaris.de\\\/\",\"name\":\"axaris - software &amp; systeme GmbH\",\"description\":\"\",\"potentialAction\":[{\"@type\":\"SearchAction\",\"target\":{\"@type\":\"EntryPoint\",\"urlTemplate\":\"https:\\\/\\\/axaris.de\\\/?s={search_term_string}\"},\"query-input\":{\"@type\":\"PropertyValueSpecification\",\"valueRequired\":true,\"valueName\":\"search_term_string\"}}],\"inLanguage\":\"de\"}]}<\/script>\n<!-- \/ Yoast SEO plugin. -->","yoast_head_json":{"title":"Impressum - axaris - software &amp; systeme GmbH","robots":{"index":"index","follow":"follow","max-snippet":"max-snippet:-1","max-image-preview":"max-image-preview:large","max-video-preview":"max-video-preview:-1"},"canonical":"https:\/\/axaris.de\/index.php\/impressum\/","og_locale":"de_DE","og_type":"article","og_title":"Impressum - axaris - software &amp; systeme GmbH","og_description":"[et_pb_section bb_built=&#8220;1&#8243; admin_label=&#8220;section&#8220;][et_pb_row admin_label=&#8220;row&#8220; background_position=&#8220;top_left&#8220; background_repeat=&#8220;repeat&#8220; background_size=&#8220;initial&#8220;][et_pb_column type=&#8220;4_4&#8243;][et_pb_text admin_label=&#8220;Impressum&#8220; background_layout=&#8220;light&#8220; text_text_color=&#8220;#000000&#8243; use_border_color=&#8220;off&#8220; border_color=&#8220;#ffffff&#8220; border_style=&#8220;solid&#8220; background_position=&#8220;top_left&#8220; background_repeat=&#8220;repeat&#8220; background_size=&#8220;initial&#8220; _builder_version=&#8220;3.0.89&#8243; border_color_all=&#8220;#ffffff&#8220;] Impressum &nbsp; axaris &#8211; software &amp; systeme GmbH Max-Eyth-Weg 2 89160 Dornstadt Deutschland Tel: &nbsp;+49 (731) 151 899-0 Fax: +49 (731) 151 899-21 info@axaris.de Gesch\u00e4ftsf\u00fchrer: Michael Volk, Markus M\u00fcller, Klaus Baumgartner wissenschaftlicher Beirat: Prof. Dr. Franz [&hellip;]","og_url":"https:\/\/axaris.de\/index.php\/impressum\/","og_site_name":"axaris - software &amp; systeme GmbH","article_publisher":"https:\/\/www.facebook.com\/axaris-software-systeme-GmbH-125442057567939\/","article_modified_time":"2018-04-24T08:00:03+00:00","twitter_card":"summary_large_image","twitter_misc":{"Gesch\u00e4tzte Lesezeit":"1\u00a0Minute"},"schema":{"@context":"https:\/\/schema.org","@graph":[{"@type":"WebPage","@id":"https:\/\/axaris.de\/index.php\/impressum\/","url":"https:\/\/axaris.de\/index.php\/impressum\/","name":"Impressum - axaris - software &amp; systeme GmbH","isPartOf":{"@id":"https:\/\/axaris.de\/#website"},"datePublished":"2016-08-31T08:19:06+00:00","dateModified":"2018-04-24T08:00:03+00:00","breadcrumb":{"@id":"https:\/\/axaris.de\/index.php\/impressum\/#breadcrumb"},"inLanguage":"de","potentialAction":[{"@type":"ReadAction","target":["https:\/\/axaris.de\/index.php\/impressum\/"]}]},{"@type":"BreadcrumbList","@id":"https:\/\/axaris.de\/index.php\/impressum\/#breadcrumb","itemListElement":[{"@type":"ListItem","position":1,"name":"Startseite","item":"https:\/\/axaris.de\/"},{"@type":"ListItem","position":2,"name":"Impressum"}]},{"@type":"WebSite","@id":"https:\/\/axaris.de\/#website","url":"https:\/\/axaris.de\/","name":"axaris - software &amp; systeme GmbH","description":"","potentialAction":[{"@type":"SearchAction","target":{"@type":"EntryPoint","urlTemplate":"https:\/\/axaris.de\/?s={search_term_string}"},"query-input":{"@type":"PropertyValueSpecification","valueRequired":true,"valueName":"search_term_string"}}],"inLanguage":"de"}]}},"_links":{"self":[{"href":"https:\/\/axaris.de\/index.php\/wp-json\/wp\/v2\/pages\/4067","targetHints":{"allow":["GET"]}}],"collection":[{"href":"https:\/\/axaris.de\/index.php\/wp-json\/wp\/v2\/pages"}],"about":[{"href":"https:\/\/axaris.de\/index.php\/wp-json\/wp\/v2\/types\/page"}],"author":[{"embeddable":true,"href":"https:\/\/axaris.de\/index.php\/wp-json\/wp\/v2\/users\/1"}],"replies":[{"embeddable":true,"href":"https:\/\/axaris.de\/index.php\/wp-json\/wp\/v2\/comments?post=4067"}],"version-history":[{"count":21,"href":"https:\/\/axaris.de\/index.php\/wp-json\/wp\/v2\/pages\/4067\/revisions"}],"predecessor-version":[{"id":6766,"href":"https:\/\/axaris.de\/index.php\/wp-json\/wp\/v2\/pages\/4067\/revisions\/6766"}],"wp:attachment":[{"href":"https:\/\/axaris.de\/index.php\/wp-json\/wp\/v2\/media?parent=4067"}],"curies":[{"name":"wp","href":"https:\/\/api.w.org\/{rel}","templated":true}]}}