{"id":4072,"date":"2016-08-31T10:35:14","date_gmt":"2016-08-31T08:35:14","guid":{"rendered":"http:\/\/www.axaris.de\/?page_id=4072"},"modified":"2016-09-19T09:09:17","modified_gmt":"2016-09-19T07:09:17","slug":"rechtliche-hinweise","status":"publish","type":"page","link":"https:\/\/axaris.de\/index.php\/rechtliche-hinweise\/","title":{"rendered":"Rechtliche Hinweise"},"content":{"rendered":"<p>[et_pb_section admin_label=&#8220;section&#8220;][et_pb_row admin_label=&#8220;row&#8220;][et_pb_column type=&#8220;4_4&#8243;][et_pb_text admin_label=&#8220;Text&#8220; background_layout=&#8220;light&#8220; text_orientation=&#8220;left&#8220; text_text_color=&#8220;#000000&#8243; use_border_color=&#8220;off&#8220; border_color=&#8220;#ffffff&#8220; border_style=&#8220;solid&#8220;]<\/p>\n<h3><strong>Rechtliche Hinweise<\/strong><\/h3>\n<p>&nbsp;<\/p>\n<p><strong>Datenschutz<\/strong><\/p>\n<p>Bei der Nutzung unserer Dienste werden Sie eventuell um die Angabe pers\u00f6nlicher Informationen gebeten. Die Beantwortung dieser Fragen ist freiwillig. Ihre pers\u00f6nlichen Daten werden entsprechend den deutschen und europ\u00e4ischen Datenschutzbestimmungen gespeichert und verarbeitet.<\/p>\n<p>Die im Rahmen der Webseiten der axaris GmbH erhobenen personenbezogenen Daten werden zum Zweck der Vertragsabwicklung und der Bearbeitung Ihrer Anfragen genutzt. Eine Verarbeitung und Nutzung Ihrer Daten f\u00fcr Zwecke der Beratung, der Werbung und der Marktforschung erfolgt nur mit Ihrer ausdr\u00fccklichen Zustimmung.<\/p>\n<p>Umfasst die Einwilligungserkl\u00e4rung zu den vorgenannten Zwecken auch die \u00dcbermittlung Ihrer Daten an die Gesellschaften der axaris GmbH oder andere in der Einwilligungserkl\u00e4rung genannte Dritte, k\u00f6nnen Ihre Daten an diese weitergegeben werden. Andernfalls findet keine Weitergabe Ihrer Daten statt. Ihre Einwilligung k\u00f6nnen Sie jederzeit mit Wirkung f\u00fcr die Zukunft widerrufen. Wenden Sie sich bitte dazu an unsere Telefon-Hotline:\u00a0+49 &#8211; 731 &#8211; 151 899 &#8211; 0 (Montag &#8211; Freitag von 8:00 &#8211; 17:00 Uhr).<\/p>\n<p>&nbsp;<\/p>\n<p><strong>Cookies<\/strong><strong>\u00a0<\/strong><strong><br \/>\n<\/strong><br \/>\nEin Cookie ist eine kleine Textdatei, die von einer Internetseite auf Ihrer Festplatte abgelegt wird. Cookies richten auf Ihrem Rechner keinen Schaden an und enthalten keine Viren. Die Cookies unserer Internetseiten erheben keinerlei pers\u00f6nliche Daten \u00fcber Sie. Sie k\u00f6nnen die Verwendung von Cookies jederzeit \u00fcber die Einstellungen Ihres Browsers deaktivieren.<\/p>\n<p>Um Ihnen unsere Angebote individueller zur Verf\u00fcgung stellen zu k\u00f6nnen, kommen evtl. in einigen Bereichen von www.axaris.de Cookies zum Einsatz. Dar\u00fcber hinaus werden evtl. zur anonymen, statistischen Auswertung Cookies f\u00fcr die Dauer einer Sitzung eingesetzt.<\/p>\n<p>&nbsp;<\/p>\n<p><strong>Urheberrechte<\/strong><strong><br \/>\n<\/strong><br \/>\n\u00a9 Copyright axaris GmbH, Ulm (Deutschland). Alle Rechte vorbehalten. Text, Bilder, Grafiken, Sound, Animationen und Videos sowie deren Anordnung auf der axaris Internetpr\u00e4senz unterliegen dem Schutz des Urheberrechts und anderer Schutzgesetze.<\/p>\n<p>Der Inhalt dieser Website darf nicht zu kommerziellen Zwecken kopiert, verbreitet, ver\u00e4ndert oder Dritten zug\u00e4nglich gemacht werden. Wir weisen daraufhin, dass auf den Websites enthaltene Bilder teilweise dem Urheberrecht Dritter unterliegen.<\/p>\n<p>&nbsp;<\/p>\n<p><strong>Markenzeichen<\/strong><\/p>\n<p>Soweit nicht anders angegeben, sind alle Markenzeichen auf dieser Website markenrechtlich zugunsten der axaris GmbH gesch\u00fctzt. Dies gilt insbesondere f\u00fcr Marken, Logos und Embleme.<\/p>\n<p>&nbsp;<\/p>\n<p><strong>Haftung f\u00fcr Links<\/strong><\/p>\n<p>Unsere Website enth\u00e4lt Links zu externen Websites, auf deren Inhalte wir keinen Einfluss haben. F\u00fcr die Inhalte der verlinkten Seiten ist der jeweilige Anbieter oder Betreiber der Seiten verantwortlich. Wir \u00fcbernehmen daher f\u00fcr diese fremden Inhalte auch keine Gew\u00e4hr.<\/p>\n<p>Wir haben die verlinkten Seiten zum Zeitpunkt der Verlinkung auf m\u00f6gliche Rechtsverst\u00f6\u00dfe \u00fcberpr\u00fcft und konnten solche zu diesem Zeitpunkt nicht feststellen. Verlinkte Seiten dauerhaft ohne konkrete Hinweise auf eine Rechtsverletzung zu \u00fcberpr\u00fcfen ist uns als Verlinkendem nicht zumutbar. Sollten uns Rechtsverletzungen auf verlinkten Seiten bekannt werden, werden wir die Verlinkung dieser Seiten selbstverst\u00e4ndlich sofort entfernen.<\/p>\n<p>&nbsp;<\/p>\n<p><strong>Haftung<\/strong><\/p>\n<p>Diese Internetpr\u00e4senz wurde mit gr\u00f6\u00dftm\u00f6glicher Sorgfalt zusammengestellt. Trotzdem kann keine Gew\u00e4hr f\u00fcr die Fehlerfreiheit und Genauigkeit der enthaltenen Informationen \u00fcbernommen werden. Jegliche Haftung f\u00fcr Sch\u00e4den, die direkt oder indirekt aus der Benutzung dieser Website entstehen, wird ausgeschlossen, soweit diese nicht auf Vorsatz oder grober Fahrl\u00e4ssigkeit beruhen.<\/p>\n<p>Sofern von dieser Website auf Internetseiten verwiesen wird, die von Dritten betrieben werden, \u00fcbernimmt die axaris GmbH keine Verantwortung f\u00fcr deren Inhalte.<\/p>\n<p>&nbsp;<\/p>\n<p><strong>Verantwortlich f\u00fcr den Inhalt:<\/strong><\/p>\n<p>axaris &#8211; software &amp; systeme GmbH<br \/>\nMax-Eyth-Weg 2<br \/>\n89160 Dornstadt<br \/>\nDeutschland<\/p>\n<p>Bei technischen Fragen wenden Sie sich bitte an:<br \/>\n<a href=\"mailto:info@axaris.de\">info@axaris.de<\/a><\/p>\n<p>[\/et_pb_text][\/et_pb_column][\/et_pb_row][\/et_pb_section]<\/p>\n","protected":false},"excerpt":{"rendered":"<p>[et_pb_section admin_label=&#8220;section&#8220;][et_pb_row admin_label=&#8220;row&#8220;][et_pb_column type=&#8220;4_4&#8243;][et_pb_text admin_label=&#8220;Text&#8220; background_layout=&#8220;light&#8220; text_orientation=&#8220;left&#8220; text_text_color=&#8220;#000000&#8243; use_border_color=&#8220;off&#8220; border_color=&#8220;#ffffff&#8220; border_style=&#8220;solid&#8220;] Rechtliche Hinweise &nbsp; Datenschutz Bei der Nutzung unserer Dienste werden Sie eventuell um die Angabe pers\u00f6nlicher Informationen gebeten. Die Beantwortung dieser Fragen ist freiwillig. Ihre pers\u00f6nlichen Daten werden entsprechend den deutschen und europ\u00e4ischen Datenschutzbestimmungen gespeichert und verarbeitet. Die im Rahmen der Webseiten der axaris [&hellip;]<\/p>\n","protected":false},"author":1,"featured_media":0,"parent":0,"menu_order":0,"comment_status":"closed","ping_status":"closed","template":"","meta":{"_et_pb_use_builder":"on","_et_pb_old_content":"","_et_gb_content_width":"","footnotes":""},"class_list":["post-4072","page","type-page","status-publish","hentry"],"yoast_head":"<!-- This site is optimized with the Yoast SEO plugin v27.5 - https:\/\/yoast.com\/product\/yoast-seo-wordpress\/ -->\n<title>Rechtliche Hinweise - axaris - software &amp; systeme GmbH<\/title>\n<meta name=\"robots\" content=\"index, follow, max-snippet:-1, max-image-preview:large, max-video-preview:-1\" \/>\n<link rel=\"canonical\" href=\"https:\/\/axaris.de\/index.php\/rechtliche-hinweise\/\" \/>\n<meta property=\"og:locale\" content=\"de_DE\" \/>\n<meta property=\"og:type\" content=\"article\" \/>\n<meta property=\"og:title\" content=\"Rechtliche Hinweise - axaris - software &amp; systeme GmbH\" \/>\n<meta property=\"og:description\" content=\"[et_pb_section admin_label=&#8220;section&#8220;][et_pb_row admin_label=&#8220;row&#8220;][et_pb_column type=&#8220;4_4&#8243;][et_pb_text admin_label=&#8220;Text&#8220; background_layout=&#8220;light&#8220; text_orientation=&#8220;left&#8220; text_text_color=&#8220;#000000&#8243; use_border_color=&#8220;off&#8220; border_color=&#8220;#ffffff&#8220; border_style=&#8220;solid&#8220;] Rechtliche Hinweise &nbsp; Datenschutz Bei der Nutzung unserer Dienste werden Sie eventuell um die Angabe pers\u00f6nlicher Informationen gebeten. Die Beantwortung dieser Fragen ist freiwillig. Ihre pers\u00f6nlichen Daten werden entsprechend den deutschen und europ\u00e4ischen Datenschutzbestimmungen gespeichert und verarbeitet. Die im Rahmen der Webseiten der axaris [&hellip;]\" \/>\n<meta property=\"og:url\" content=\"https:\/\/axaris.de\/index.php\/rechtliche-hinweise\/\" \/>\n<meta property=\"og:site_name\" content=\"axaris - software &amp; systeme GmbH\" \/>\n<meta property=\"article:publisher\" content=\"https:\/\/www.facebook.com\/axaris-software-systeme-GmbH-125442057567939\/\" \/>\n<meta property=\"article:modified_time\" content=\"2016-09-19T07:09:17+00:00\" \/>\n<meta name=\"twitter:card\" content=\"summary_large_image\" \/>\n<meta name=\"twitter:label1\" content=\"Gesch\u00e4tzte Lesezeit\" \/>\n\t<meta name=\"twitter:data1\" content=\"3\u00a0Minuten\" \/>\n<script type=\"application\/ld+json\" class=\"yoast-schema-graph\">{\"@context\":\"https:\\\/\\\/schema.org\",\"@graph\":[{\"@type\":\"WebPage\",\"@id\":\"https:\\\/\\\/axaris.de\\\/index.php\\\/rechtliche-hinweise\\\/\",\"url\":\"https:\\\/\\\/axaris.de\\\/index.php\\\/rechtliche-hinweise\\\/\",\"name\":\"Rechtliche Hinweise - axaris - software &amp; systeme GmbH\",\"isPartOf\":{\"@id\":\"https:\\\/\\\/axaris.de\\\/#website\"},\"datePublished\":\"2016-08-31T08:35:14+00:00\",\"dateModified\":\"2016-09-19T07:09:17+00:00\",\"breadcrumb\":{\"@id\":\"https:\\\/\\\/axaris.de\\\/index.php\\\/rechtliche-hinweise\\\/#breadcrumb\"},\"inLanguage\":\"de\",\"potentialAction\":[{\"@type\":\"ReadAction\",\"target\":[\"https:\\\/\\\/axaris.de\\\/index.php\\\/rechtliche-hinweise\\\/\"]}]},{\"@type\":\"BreadcrumbList\",\"@id\":\"https:\\\/\\\/axaris.de\\\/index.php\\\/rechtliche-hinweise\\\/#breadcrumb\",\"itemListElement\":[{\"@type\":\"ListItem\",\"position\":1,\"name\":\"Startseite\",\"item\":\"https:\\\/\\\/axaris.de\\\/\"},{\"@type\":\"ListItem\",\"position\":2,\"name\":\"Rechtliche Hinweise\"}]},{\"@type\":\"WebSite\",\"@id\":\"https:\\\/\\\/axaris.de\\\/#website\",\"url\":\"https:\\\/\\\/axaris.de\\\/\",\"name\":\"axaris - software &amp; systeme GmbH\",\"description\":\"\",\"potentialAction\":[{\"@type\":\"SearchAction\",\"target\":{\"@type\":\"EntryPoint\",\"urlTemplate\":\"https:\\\/\\\/axaris.de\\\/?s={search_term_string}\"},\"query-input\":{\"@type\":\"PropertyValueSpecification\",\"valueRequired\":true,\"valueName\":\"search_term_string\"}}],\"inLanguage\":\"de\"}]}<\/script>\n<!-- \/ Yoast SEO plugin. -->","yoast_head_json":{"title":"Rechtliche Hinweise - axaris - software &amp; systeme GmbH","robots":{"index":"index","follow":"follow","max-snippet":"max-snippet:-1","max-image-preview":"max-image-preview:large","max-video-preview":"max-video-preview:-1"},"canonical":"https:\/\/axaris.de\/index.php\/rechtliche-hinweise\/","og_locale":"de_DE","og_type":"article","og_title":"Rechtliche Hinweise - axaris - software &amp; systeme GmbH","og_description":"[et_pb_section admin_label=&#8220;section&#8220;][et_pb_row admin_label=&#8220;row&#8220;][et_pb_column type=&#8220;4_4&#8243;][et_pb_text admin_label=&#8220;Text&#8220; background_layout=&#8220;light&#8220; text_orientation=&#8220;left&#8220; text_text_color=&#8220;#000000&#8243; use_border_color=&#8220;off&#8220; border_color=&#8220;#ffffff&#8220; border_style=&#8220;solid&#8220;] Rechtliche Hinweise &nbsp; Datenschutz Bei der Nutzung unserer Dienste werden Sie eventuell um die Angabe pers\u00f6nlicher Informationen gebeten. Die Beantwortung dieser Fragen ist freiwillig. Ihre pers\u00f6nlichen Daten werden entsprechend den deutschen und europ\u00e4ischen Datenschutzbestimmungen gespeichert und verarbeitet. Die im Rahmen der Webseiten der axaris [&hellip;]","og_url":"https:\/\/axaris.de\/index.php\/rechtliche-hinweise\/","og_site_name":"axaris - software &amp; systeme GmbH","article_publisher":"https:\/\/www.facebook.com\/axaris-software-systeme-GmbH-125442057567939\/","article_modified_time":"2016-09-19T07:09:17+00:00","twitter_card":"summary_large_image","twitter_misc":{"Gesch\u00e4tzte Lesezeit":"3\u00a0Minuten"},"schema":{"@context":"https:\/\/schema.org","@graph":[{"@type":"WebPage","@id":"https:\/\/axaris.de\/index.php\/rechtliche-hinweise\/","url":"https:\/\/axaris.de\/index.php\/rechtliche-hinweise\/","name":"Rechtliche Hinweise - axaris - software &amp; systeme GmbH","isPartOf":{"@id":"https:\/\/axaris.de\/#website"},"datePublished":"2016-08-31T08:35:14+00:00","dateModified":"2016-09-19T07:09:17+00:00","breadcrumb":{"@id":"https:\/\/axaris.de\/index.php\/rechtliche-hinweise\/#breadcrumb"},"inLanguage":"de","potentialAction":[{"@type":"ReadAction","target":["https:\/\/axaris.de\/index.php\/rechtliche-hinweise\/"]}]},{"@type":"BreadcrumbList","@id":"https:\/\/axaris.de\/index.php\/rechtliche-hinweise\/#breadcrumb","itemListElement":[{"@type":"ListItem","position":1,"name":"Startseite","item":"https:\/\/axaris.de\/"},{"@type":"ListItem","position":2,"name":"Rechtliche Hinweise"}]},{"@type":"WebSite","@id":"https:\/\/axaris.de\/#website","url":"https:\/\/axaris.de\/","name":"axaris - software &amp; systeme GmbH","description":"","potentialAction":[{"@type":"SearchAction","target":{"@type":"EntryPoint","urlTemplate":"https:\/\/axaris.de\/?s={search_term_string}"},"query-input":{"@type":"PropertyValueSpecification","valueRequired":true,"valueName":"search_term_string"}}],"inLanguage":"de"}]}},"_links":{"self":[{"href":"https:\/\/axaris.de\/index.php\/wp-json\/wp\/v2\/pages\/4072","targetHints":{"allow":["GET"]}}],"collection":[{"href":"https:\/\/axaris.de\/index.php\/wp-json\/wp\/v2\/pages"}],"about":[{"href":"https:\/\/axaris.de\/index.php\/wp-json\/wp\/v2\/types\/page"}],"author":[{"embeddable":true,"href":"https:\/\/axaris.de\/index.php\/wp-json\/wp\/v2\/users\/1"}],"replies":[{"embeddable":true,"href":"https:\/\/axaris.de\/index.php\/wp-json\/wp\/v2\/comments?post=4072"}],"version-history":[{"count":4,"href":"https:\/\/axaris.de\/index.php\/wp-json\/wp\/v2\/pages\/4072\/revisions"}],"predecessor-version":[{"id":4609,"href":"https:\/\/axaris.de\/index.php\/wp-json\/wp\/v2\/pages\/4072\/revisions\/4609"}],"wp:attachment":[{"href":"https:\/\/axaris.de\/index.php\/wp-json\/wp\/v2\/media?parent=4072"}],"curies":[{"name":"wp","href":"https:\/\/api.w.org\/{rel}","templated":true}]}}