{"id":6751,"date":"2018-04-24T09:32:41","date_gmt":"2018-04-24T07:32:41","guid":{"rendered":"http:\/\/www.axaris.de\/?page_id=6751"},"modified":"2018-08-08T17:02:46","modified_gmt":"2018-08-08T15:02:46","slug":"datenschutzerklaerung","status":"publish","type":"page","link":"https:\/\/axaris.de\/index.php\/datenschutzerklaerung\/","title":{"rendered":"Datenschutzerkl\u00e4rung"},"content":{"rendered":"<p>[et_pb_section bb_built=&#8220;1&#8243;][et_pb_row][et_pb_column type=&#8220;4_4&#8243;][et_pb_text _builder_version=&#8220;3.0.89&#8243; background_layout=&#8220;light&#8220;]<\/p>\n<h1>Datenschutzerkl\u00e4rung<\/h1>\n<p>&nbsp;<\/p>\n<h4>Verantwortliche Stelle<\/h4>\n<p>Verantwortliche Stelle gem\u00e4\u00df DS-GVO ist:<\/p>\n<p>axaris &#8211; software &amp; systeme GmbH<br \/>\nMax-Eyth-Weg 2<br \/>\nD-89160 Dornstadt<\/p>\n<p>info@axaris.de<br \/>\nwww.axaris.de<\/p>\n<p>&nbsp;<\/p>\n<h4>Erfassung allgemeiner Informationen<\/h4>\n<p>Wenn Sie auf unsere Webseite zugreifen, werden automatisch Informationen allgemeiner Natur erfasst. Diese Informationen (Server-Logfiles) beinhalten etwa die Art des Webbrowsers, das verwendete Betriebssystem, den Domainnamen Ihres Internet Service Providers, die IP-Adresse und \u00c4hnliches. Mit Ausnahme der IP-Adresse handelt es sich hierbei ausschlie\u00dflich um Informationen, welche keine R\u00fcckschl\u00fcsse auf Ihre Person zulassen. Anhand der IP-Adresse ist (zumindest zeitweise) ein R\u00fcckschluss auf Ihren PC bzw. auf den Anschlussinhaber m\u00f6glich. Diese Informationen sind jedoch technisch notwendig, um von Ihnen angeforderte Inhalte von Webseiten korrekt auszuliefern und fallen bei Nutzung des Internets zwingend an. Anonyme Informationen dieser Art werden von uns statistisch ausgewertet, um unseren Internetauftritt und die dahinterstehende Technik zu optimieren.<\/p>\n<h4><\/h4>\n<h4>Cookies<\/h4>\n<p>Wie viele andere Webseiten verwenden wir auch so genannte \u201eCookies\u201c. Cookies sind kleine Textdateien, die von einem Webseitenserver auf Ihre Festplatte \u00fcbertragen werden. Hierdurch erhalten wir automatisch bestimmte Daten wie z. B. IP-Adresse, verwendeter Browser, Betriebssystem \u00fcber Ihren Computer und Ihre Verbindung zum Internet.<\/p>\n<p>Cookies k\u00f6nnen nicht verwendet werden, um Programme zu starten oder Viren auf einen Computer zu \u00fcbertragen. Anhand der in Cookies enthaltenen Informationen k\u00f6nnen wir Ihnen die Navigation erleichtern und die korrekte Anzeige unserer Webseiten erm\u00f6glichen.<\/p>\n<p>In keinem Fall werden die von uns erfassten Daten an Dritte weitergegeben oder ohne Ihre Einwilligung eine Verkn\u00fcpfung mit personenbezogenen Daten hergestellt.<\/p>\n<p>Nat\u00fcrlich k\u00f6nnen Sie unsere Website grunds\u00e4tzlich auch ohne Cookies betrachten. Internet-Browser sind regelm\u00e4\u00dfig so eingestellt, dass sie Cookies akzeptieren. Sie k\u00f6nnen die Verwendung von Cookies jederzeit \u00fcber die Einstellungen Ihres Browsers deaktivieren. Bitte verwenden Sie die Hilfefunktionen Ihres Internetbrowsers, um zu erfahren, wie Sie diese Einstellungen \u00e4ndern k\u00f6nnen. Bitte beachten Sie, dass einzelne Funktionen unserer Website m\u00f6glicherweise nicht funktionieren, wenn Sie die Verwendung von Cookies deaktiviert haben.<\/p>\n<h4><\/h4>\n<h4>Newsletter<\/h4>\n<p>F\u00fcr eine wirksame Registrierung ben\u00f6tigen wir eine valide E-Mail-Adresse. Die Anmeldung zum Bezug unseres Newsletters erfolgt bei Abschluss des Vertrages in Schriftform. Hierzu protokollieren wir die Bestellung des Newsletters. Weitere Daten werden nicht erhoben. Die Daten werden ausschlie\u00dflich durch axaris genutzt und nicht an Dritte weitergegeben.<\/p>\n<p>Die Einwilligung zur Speicherung Ihrer pers\u00f6nlichen Daten und ihrer Nutzung f\u00fcr den Newsletterversand k\u00f6nnen Sie jederzeit widerrufen. In jedem Newsletter findet sich dazu ein entsprechender Link. Au\u00dferdem k\u00f6nnen Sie uns Ihren Wunsch zur Abmeldung des Newsletters jederzeit per E-Mail an support@axaris.de mitteilen.<\/p>\n<h4><\/h4>\n<h4>L\u00f6schung bzw. Sperrung der Daten<\/h4>\n<p>Wir halten uns an die Grunds\u00e4tze der Datenvermeidung und Datensparsamkeit. Wir speichern Ihre personenbezogenen Daten daher nur so lange, wie dies zur Erreichung der hier genannten Zwecke erforderlich ist oder wie es die vom Gesetzgeber vorgesehenen vielf\u00e4ltigen Speicherfristen vorsehen. Nach Fortfall des jeweiligen Zweckes bzw. Ablauf dieser Fristen werden die entsprechenden Daten routinem\u00e4\u00dfig und entsprechend den gesetzlichen Vorschriften gesperrt oder gel\u00f6scht.<\/p>\n<h4><\/h4>\n<h4>Verwendung von Scriptbibliotheken (Google Webfonts)<\/h4>\n<p>Um unsere Inhalte browser\u00fcbergreifend korrekt und grafisch ansprechend darzustellen, verwenden wir auf dieser Webseite Scriptbibliotheken und Schriftbibliotheken wie z. B. Google Webfonts (Details hierzu finden Sie auf der Webseite von Google unter dem Produkt \u201eFonts\u201c). Google Webfonts werden zur Vermeidung mehrfachen Ladens in den Cache Ihres Browsers \u00fcbertragen. Falls der Browser die Google Webfonts nicht unterst\u00fctzt oder den Zugriff unterbindet, werden Inhalte in einer Standardschrift angezeigt.<\/p>\n<p>Der Aufruf von Scriptbibliotheken oder Schriftbibliotheken l\u00f6st automatisch eine Verbindung zum Betreiber der Bibliothek aus. Dabei ist es theoretisch m\u00f6glich \u2013 aktuell allerdings auch unklar ob und ggf. zu welchen Zwecken \u2013 dass Betreiber entsprechender Bibliotheken Daten erheben.<\/p>\n<p>Die Datenschutzrichtlinie des Bibliothekbetreibers Google k\u00f6nnen Sie auf dessen Webseite einsehen.<\/p>\n<h4><\/h4>\n<h4>Verwendung von Google Maps<\/h4>\n<p>Diese Webseite verwendet Google Maps API, um geographische Informationen visuell darzustellen. Bei der Nutzung von Google Maps werden von Google auch Daten \u00fcber die Nutzung der Kartenfunktionen durch Besucher erhoben, verarbeitet und genutzt. N\u00e4here Informationen \u00fcber die Datenverarbeitung durch Google k\u00f6nnen Sie den Datenschutzrichtlinien von Google entnehmen. Dort k\u00f6nnen Sie im Datenschutzcenter auch Ihre pers\u00f6nlichen Datenschutz-Einstellungen ver\u00e4ndern.<\/p>\n<p>Ausf\u00fchrliche Anleitungen zur Verwaltung der eigenen Daten im Zusammenhang mit Google-Produkten finden Sie in Ihrem Google-Konto unter der Rubrik \u201eHilfe und Feedback\u201c.<\/p>\n<h4><\/h4>\n<h4>Eingebettete YouTube-Videos<\/h4>\n<p>Auf einigen unserer Webseiten betten wir YouTube-Videos ein. Betreiber der entsprechenden Plugins ist die YouTube, LLC, 901 Cherry Ave., San Bruno, CA 94066, USA. Wenn Sie eine Seite mit dem YouTube-Plugin besuchen, wird eine Verbindung zu Servern von YouTube hergestellt. Dabei wird YouTube mitgeteilt, welche Seiten Sie besuchen. Wenn Sie in Ihrem YouTube-Account eingeloggt sind, kann YouTube Ihr Surfverhalten Ihnen pers\u00f6nlich zuordnen. Dies verhindern Sie, indem Sie sich vorher aus Ihrem YouTube-Account ausloggen.<\/p>\n<p>Wird ein YouTube-Video gestartet, setzt der Anbieter Cookies ein, die Hinweise \u00fcber das Nutzerverhalten sammeln.<\/p>\n<p>Wer das Speichern von Cookies f\u00fcr das Google-Ad-Programm deaktiviert hat, wird auch beim Anschauen von YouTube-Videos mit keinen solchen Cookies rechnen m\u00fcssen. YouTube legt aber auch in anderen Cookies nicht-personenbezogene Nutzungsinformationen ab. M\u00f6chten Sie dies verhindern, so m\u00fcssen Sie das Speichern von Cookies im Browser blockieren.<\/p>\n<p>Weitere Informationen zum Datenschutz bei \u201eYouTube\u201c finden Sie in der Datenschutzerkl\u00e4rung des Anbieters.<\/p>\n<h4><\/h4>\n<h4>Hinweis auf Betroffenenrechte, Widerrufs- und Beschwerderecht<\/h4>\n<p>Sie haben das Recht, jederzeit Auskunft \u00fcber Ihre bei uns gespeicherten personenbezogenen Daten zu erhalten. Ebenso haben Sie das Recht auf Berichtigung, Sperrung oder, abgesehen von der vorgeschriebenen Datenspeicherung zur Gesch\u00e4ftsabwicklung, L\u00f6schung Ihrer personenbezogenen Daten. Bitte wenden Sie sich dazu an unseren Datenschutzbeauftragten. Die Kontaktdaten finden Sie ganz unten.<\/p>\n<p>Damit eine Sperre von Daten jederzeit ber\u00fccksichtigt werden kann, m\u00fcssen diese Daten zu Kontrollzwecken in einer Sperrdatei vorgehalten werden. Sie k\u00f6nnen auch die L\u00f6schung der Daten verlangen, soweit keine gesetzliche Archivierungsverpflichtung besteht. Soweit eine solche Verpflichtung besteht, sperren wir Ihre Daten auf Wunsch.<\/p>\n<p>Sie k\u00f6nnen \u00c4nderungen oder den Widerruf einer Einwilligung durch entsprechende Mitteilung an uns mit Wirkung f\u00fcr die Zukunft vornehmen.<br \/>\nSie haben das Recht auf Beschwerde bei der f\u00fcr den Datenschutz zust\u00e4ndigen Aufsichtsbeh\u00f6rde.<\/p>\n<h4><\/h4>\n<h4>Bewerber-Datenschutzhinweise<\/h4>\n<p>F\u00fcr Bewerber sind au\u00dfer den hier in der Datenschutzerkl\u00e4rung genannten Informationen noch die folgenden Punkte zu beachten:<\/p>\n<ul>\n<li>Kategorien personenbezogener Daten<br \/>\nFolgende Kategorien personenbezogener Daten von Bewerbern werden verarbeitet (bei sofortiger Absage erfolgt keine Datenverarbeitung):<br \/>\nName und Vorname, Adresse, Telefon- und\/oder Handynummer, E-Mail-Adresse, Ausbildungsberuf bzw. Beruf, Geburtsdatum<\/li>\n<li>Empf\u00e4nger der personenbezogenen Daten<br \/>\nDie Daten von Bewerbern werden von der Personalabteilung\/Gesch\u00e4ftsf\u00fchrung bearbeitet und ggf. intern an f\u00fcr die Einstellung Verantwortliche (z. B. Teamleitung) weitergeleitet. Eine Weiterleitung an Dritte findet nicht statt.<\/li>\n<li>Die hier genannten personenbezogenen Daten werden verarbeitet, um die Bewerberdaten bis zum Bewerbungsschluss zu sammeln und um anschlie\u00dfend mit dem Auswahlverfahren beginnen zu k\u00f6nnen. Werden nicht mindestens Name, Vorname, Adresse und wenigstens eine Kontaktm\u00f6glichkeit (z. B. Telefon oder E-Mail-Adresse) angegeben, kann der Bewerber nicht f\u00fcr das Auswahlverfahren ber\u00fccksichtigt werden.<\/li>\n<li>Die Daten werden 6 Monate nach Aufnahme der Ausbildung bzw. der Arbeit gel\u00f6scht. Bis dahin werden die Daten aufbewahrt, um bei einer K\u00fcndigung innerhalb der Probezeit auf Ersatzbewerber zugreifen zu k\u00f6nnen bzw. um einen Nachweis zu haben, falls sich einer der Bewerber benachteiligt f\u00fchlt und vielleicht sogar vor ein Arbeitsgericht geht (siehe auch AGG \u00a715).<\/li>\n<\/ul>\n<h4><\/h4>\n<h4>\u00c4nderung unserer Datenschutzbestimmungen<\/h4>\n<p>Wir behalten uns vor, diese Datenschutzerkl\u00e4rung gelegentlich anzupassen, damit sie stets den aktuellen rechtlichen Anforderungen entspricht oder um \u00c4nderungen unserer Leistungen in der Datenschutzerkl\u00e4rung umzusetzen, z. B. bei der Einf\u00fchrung neuer Services. F\u00fcr Ihren erneuten Besuch gilt dann die neue Datenschutzerkl\u00e4rung.<\/p>\n<h4><\/h4>\n<h4>Fragen an den Datenschutzbeauftragten<\/h4>\n<p>Wenn Sie Fragen zum Datenschutz haben, schreiben Sie uns bitte eine E-Mail oder wenden Sie sich direkt an unseren Datenschutzbeauftragten:<\/p>\n<p>Frau Rahel Fischer<br \/>\naxaris &#8211; software &amp; systeme GmbH<br \/>\nMax-Eyth-Weg 2<br \/>\nD-89160 Dornstadt<\/p>\n<p><a href=\"mailto:fischer@axaris.de\">fischer@axaris.de<\/a><br \/>\n+49 (731) 151 899-16<\/p>\n<p>&nbsp;<\/p>\n<p><em>Die Datenschutzerkl\u00e4rung wurde mit Hilfe des <a href=\"https:\/\/www.activemind.de\/datenschutz\/datenschutzhinweis-generator\/\" target=\"_blank\" rel=\"noopener\">Datenschutzerkl\u00e4rungs-Generator der activeMind AG<\/a> erstellt.<\/em><\/p>\n<p>[\/et_pb_text][\/et_pb_column][\/et_pb_row][\/et_pb_section]<\/p>\n","protected":false},"excerpt":{"rendered":"<p>[et_pb_section bb_built=&#8220;1&#8243;][et_pb_row][et_pb_column type=&#8220;4_4&#8243;][et_pb_text _builder_version=&#8220;3.0.89&#8243; background_layout=&#8220;light&#8220;] Datenschutzerkl\u00e4rung &nbsp; Verantwortliche Stelle Verantwortliche Stelle gem\u00e4\u00df DS-GVO ist: axaris &#8211; software &amp; systeme GmbH Max-Eyth-Weg 2 D-89160 Dornstadt info@axaris.de www.axaris.de &nbsp; Erfassung allgemeiner Informationen Wenn Sie auf unsere Webseite zugreifen, werden automatisch Informationen allgemeiner Natur erfasst. Diese Informationen (Server-Logfiles) beinhalten etwa die Art des Webbrowsers, das verwendete Betriebssystem, den [&hellip;]<\/p>\n","protected":false},"author":1,"featured_media":0,"parent":0,"menu_order":0,"comment_status":"closed","ping_status":"closed","template":"","meta":{"_et_pb_use_builder":"on","_et_pb_old_content":"","_et_gb_content_width":"","footnotes":""},"class_list":["post-6751","page","type-page","status-publish","hentry"],"yoast_head":"<!-- This site is optimized with the Yoast SEO plugin v27.4 - https:\/\/yoast.com\/product\/yoast-seo-wordpress\/ -->\n<title>Datenschutzerkl\u00e4rung - axaris - software &amp; systeme GmbH<\/title>\n<meta name=\"robots\" content=\"index, follow, max-snippet:-1, max-image-preview:large, max-video-preview:-1\" \/>\n<link rel=\"canonical\" href=\"https:\/\/axaris.de\/index.php\/datenschutzerklaerung\/\" \/>\n<meta property=\"og:locale\" content=\"de_DE\" \/>\n<meta property=\"og:type\" content=\"article\" \/>\n<meta property=\"og:title\" content=\"Datenschutzerkl\u00e4rung - axaris - software &amp; systeme GmbH\" \/>\n<meta property=\"og:description\" content=\"[et_pb_section bb_built=&#8220;1&#8243;][et_pb_row][et_pb_column type=&#8220;4_4&#8243;][et_pb_text _builder_version=&#8220;3.0.89&#8243; background_layout=&#8220;light&#8220;] Datenschutzerkl\u00e4rung &nbsp; Verantwortliche Stelle Verantwortliche Stelle gem\u00e4\u00df DS-GVO ist: axaris &#8211; software &amp; systeme GmbH Max-Eyth-Weg 2 D-89160 Dornstadt info@axaris.de www.axaris.de &nbsp; Erfassung allgemeiner Informationen Wenn Sie auf unsere Webseite zugreifen, werden automatisch Informationen allgemeiner Natur erfasst. Diese Informationen (Server-Logfiles) beinhalten etwa die Art des Webbrowsers, das verwendete Betriebssystem, den [&hellip;]\" \/>\n<meta property=\"og:url\" content=\"https:\/\/axaris.de\/index.php\/datenschutzerklaerung\/\" \/>\n<meta property=\"og:site_name\" content=\"axaris - software &amp; systeme GmbH\" \/>\n<meta property=\"article:publisher\" content=\"https:\/\/www.facebook.com\/axaris-software-systeme-GmbH-125442057567939\/\" \/>\n<meta property=\"article:modified_time\" content=\"2018-08-08T15:02:46+00:00\" \/>\n<meta name=\"twitter:card\" content=\"summary_large_image\" \/>\n<meta name=\"twitter:label1\" content=\"Gesch\u00e4tzte Lesezeit\" \/>\n\t<meta name=\"twitter:data1\" content=\"7\u00a0Minuten\" \/>\n<script type=\"application\/ld+json\" class=\"yoast-schema-graph\">{\"@context\":\"https:\\\/\\\/schema.org\",\"@graph\":[{\"@type\":\"WebPage\",\"@id\":\"https:\\\/\\\/axaris.de\\\/index.php\\\/datenschutzerklaerung\\\/\",\"url\":\"https:\\\/\\\/axaris.de\\\/index.php\\\/datenschutzerklaerung\\\/\",\"name\":\"Datenschutzerkl\u00e4rung - axaris - software &amp; systeme GmbH\",\"isPartOf\":{\"@id\":\"https:\\\/\\\/axaris.de\\\/#website\"},\"datePublished\":\"2018-04-24T07:32:41+00:00\",\"dateModified\":\"2018-08-08T15:02:46+00:00\",\"breadcrumb\":{\"@id\":\"https:\\\/\\\/axaris.de\\\/index.php\\\/datenschutzerklaerung\\\/#breadcrumb\"},\"inLanguage\":\"de\",\"potentialAction\":[{\"@type\":\"ReadAction\",\"target\":[\"https:\\\/\\\/axaris.de\\\/index.php\\\/datenschutzerklaerung\\\/\"]}]},{\"@type\":\"BreadcrumbList\",\"@id\":\"https:\\\/\\\/axaris.de\\\/index.php\\\/datenschutzerklaerung\\\/#breadcrumb\",\"itemListElement\":[{\"@type\":\"ListItem\",\"position\":1,\"name\":\"Startseite\",\"item\":\"https:\\\/\\\/axaris.de\\\/\"},{\"@type\":\"ListItem\",\"position\":2,\"name\":\"Datenschutzerkl\u00e4rung\"}]},{\"@type\":\"WebSite\",\"@id\":\"https:\\\/\\\/axaris.de\\\/#website\",\"url\":\"https:\\\/\\\/axaris.de\\\/\",\"name\":\"axaris - software &amp; systeme GmbH\",\"description\":\"\",\"potentialAction\":[{\"@type\":\"SearchAction\",\"target\":{\"@type\":\"EntryPoint\",\"urlTemplate\":\"https:\\\/\\\/axaris.de\\\/?s={search_term_string}\"},\"query-input\":{\"@type\":\"PropertyValueSpecification\",\"valueRequired\":true,\"valueName\":\"search_term_string\"}}],\"inLanguage\":\"de\"}]}<\/script>\n<!-- \/ Yoast SEO plugin. -->","yoast_head_json":{"title":"Datenschutzerkl\u00e4rung - axaris - software &amp; systeme GmbH","robots":{"index":"index","follow":"follow","max-snippet":"max-snippet:-1","max-image-preview":"max-image-preview:large","max-video-preview":"max-video-preview:-1"},"canonical":"https:\/\/axaris.de\/index.php\/datenschutzerklaerung\/","og_locale":"de_DE","og_type":"article","og_title":"Datenschutzerkl\u00e4rung - axaris - software &amp; systeme GmbH","og_description":"[et_pb_section bb_built=&#8220;1&#8243;][et_pb_row][et_pb_column type=&#8220;4_4&#8243;][et_pb_text _builder_version=&#8220;3.0.89&#8243; background_layout=&#8220;light&#8220;] Datenschutzerkl\u00e4rung &nbsp; Verantwortliche Stelle Verantwortliche Stelle gem\u00e4\u00df DS-GVO ist: axaris &#8211; software &amp; systeme GmbH Max-Eyth-Weg 2 D-89160 Dornstadt info@axaris.de www.axaris.de &nbsp; Erfassung allgemeiner Informationen Wenn Sie auf unsere Webseite zugreifen, werden automatisch Informationen allgemeiner Natur erfasst. Diese Informationen (Server-Logfiles) beinhalten etwa die Art des Webbrowsers, das verwendete Betriebssystem, den [&hellip;]","og_url":"https:\/\/axaris.de\/index.php\/datenschutzerklaerung\/","og_site_name":"axaris - software &amp; systeme GmbH","article_publisher":"https:\/\/www.facebook.com\/axaris-software-systeme-GmbH-125442057567939\/","article_modified_time":"2018-08-08T15:02:46+00:00","twitter_card":"summary_large_image","twitter_misc":{"Gesch\u00e4tzte Lesezeit":"7\u00a0Minuten"},"schema":{"@context":"https:\/\/schema.org","@graph":[{"@type":"WebPage","@id":"https:\/\/axaris.de\/index.php\/datenschutzerklaerung\/","url":"https:\/\/axaris.de\/index.php\/datenschutzerklaerung\/","name":"Datenschutzerkl\u00e4rung - axaris - software &amp; systeme GmbH","isPartOf":{"@id":"https:\/\/axaris.de\/#website"},"datePublished":"2018-04-24T07:32:41+00:00","dateModified":"2018-08-08T15:02:46+00:00","breadcrumb":{"@id":"https:\/\/axaris.de\/index.php\/datenschutzerklaerung\/#breadcrumb"},"inLanguage":"de","potentialAction":[{"@type":"ReadAction","target":["https:\/\/axaris.de\/index.php\/datenschutzerklaerung\/"]}]},{"@type":"BreadcrumbList","@id":"https:\/\/axaris.de\/index.php\/datenschutzerklaerung\/#breadcrumb","itemListElement":[{"@type":"ListItem","position":1,"name":"Startseite","item":"https:\/\/axaris.de\/"},{"@type":"ListItem","position":2,"name":"Datenschutzerkl\u00e4rung"}]},{"@type":"WebSite","@id":"https:\/\/axaris.de\/#website","url":"https:\/\/axaris.de\/","name":"axaris - software &amp; systeme GmbH","description":"","potentialAction":[{"@type":"SearchAction","target":{"@type":"EntryPoint","urlTemplate":"https:\/\/axaris.de\/?s={search_term_string}"},"query-input":{"@type":"PropertyValueSpecification","valueRequired":true,"valueName":"search_term_string"}}],"inLanguage":"de"}]}},"_links":{"self":[{"href":"https:\/\/axaris.de\/index.php\/wp-json\/wp\/v2\/pages\/6751","targetHints":{"allow":["GET"]}}],"collection":[{"href":"https:\/\/axaris.de\/index.php\/wp-json\/wp\/v2\/pages"}],"about":[{"href":"https:\/\/axaris.de\/index.php\/wp-json\/wp\/v2\/types\/page"}],"author":[{"embeddable":true,"href":"https:\/\/axaris.de\/index.php\/wp-json\/wp\/v2\/users\/1"}],"replies":[{"embeddable":true,"href":"https:\/\/axaris.de\/index.php\/wp-json\/wp\/v2\/comments?post=6751"}],"version-history":[{"count":20,"href":"https:\/\/axaris.de\/index.php\/wp-json\/wp\/v2\/pages\/6751\/revisions"}],"predecessor-version":[{"id":6882,"href":"https:\/\/axaris.de\/index.php\/wp-json\/wp\/v2\/pages\/6751\/revisions\/6882"}],"wp:attachment":[{"href":"https:\/\/axaris.de\/index.php\/wp-json\/wp\/v2\/media?parent=6751"}],"curies":[{"name":"wp","href":"https:\/\/api.w.org\/{rel}","templated":true}]}}