{"id":6894,"date":"2018-08-30T10:21:02","date_gmt":"2018-08-30T08:21:02","guid":{"rendered":"http:\/\/www.axaris.de\/?page_id=6894"},"modified":"2019-05-15T12:07:47","modified_gmt":"2019-05-15T10:07:47","slug":"patax-plus-faqs","status":"publish","type":"page","link":"https:\/\/axaris.de\/index.php\/patax-plus-faqs\/","title":{"rendered":"patax plus FAQs"},"content":{"rendered":"<p>[et_pb_section bb_built=&#8220;1&#8243; admin_label=&#8220;section&#8220; transparent_background=&#8220;off&#8220; background_color=&#8220;#dbdbdb&#8220; allow_player_pause=&#8220;off&#8220; inner_shadow=&#8220;off&#8220; parallax=&#8220;off&#8220; parallax_method=&#8220;off&#8220; padding_mobile=&#8220;off&#8220; make_fullwidth=&#8220;off&#8220; use_custom_width=&#8220;off&#8220; width_unit=&#8220;on&#8220; make_equal=&#8220;off&#8220; use_custom_gutter=&#8220;off&#8220; custom_padding_tablet=&#8220;50px|0|50px|0&#8243; custom_padding_last_edited=&#8220;on|desktop&#8220;][et_pb_row admin_label=&#8220;row&#8220; background_position=&#8220;top_left&#8220; background_repeat=&#8220;repeat&#8220; background_size=&#8220;initial&#8220;][et_pb_column type=&#8220;4_4&#8243;][et_pb_text background_layout=&#8220;light&#8220; use_border_color=&#8220;off&#8220; border_color=&#8220;#ffffff&#8220; border_style=&#8220;solid&#8220; background_position=&#8220;top_left&#8220; background_repeat=&#8220;repeat&#8220; background_size=&#8220;initial&#8220; _builder_version=&#8220;3.0.89&#8243; border_color_all=&#8220;#ffffff&#8220; border_style_all=&#8220;solid&#8220;]<\/p>\n<h1>FAQs &#8211; patax plus<\/h1>\n<p>[\/et_pb_text][\/et_pb_column][\/et_pb_row][et_pb_row admin_label=&#8220;row&#8220; background_position=&#8220;top_left&#8220; background_repeat=&#8220;repeat&#8220; background_size=&#8220;initial&#8220;][et_pb_column type=&#8220;4_4&#8243;][et_pb_toggle admin_label=&#8220;Umschalter &#8211; Was macht patax plus&#8220; _builder_version=&#8220;3.0.89&#8243; open=&#8220;off&#8220; icon_color=&#8220;#933627&#8243; open_toggle_text_color=&#8220;#933627&#8243; closed_toggle_text_color=&#8220;#000000&#8243; title=&#8220;Was genau macht patax plus?&#8220;]<\/p>\n<p><span style=\"color: #000000;\">patax plus ist eine Schnittstellensoftware, die an beinahe alle gebr\u00e4uchlichen Praxisverwaltungssysteme (PVS) \u00fcber eigene Zugriffslogiken angebunden und f\u00fcr eine Vielzahl an eHealth-Projekten (Vernetzung, Echtzeitdatenlieferungen, Kommunikationswerkzeug zwischen Projekttr\u00e4ger und Anwender, \u2026)\u00a0 im niedergelassenen Arztbereich eingesetzt werden kann (siehe auch Frage \u201eWird patax plus bereits eingesetzt?&#8220;). Und dies komplett unabh\u00e4ngig von den PVS-Herstellern. Unmittelbar nach \u00d6ffnen eines Patienten im PVS werden dem Anwender, je nach Projekt, am Bildschirm Hinweisfenster angezeigt, die Zusatzinformationen zum Patienten liefern oder diese erfragen.<\/span><\/p>\n<p>[\/et_pb_toggle][et_pb_toggle admin_label=&#8220;Umschalter &#8211; Wer kann patax plus nutzen&#8220; _builder_version=&#8220;3.0.89&#8243; open=&#8220;off&#8220; icon_color=&#8220;#933627&#8243; open_toggle_text_color=&#8220;#933627&#8243; closed_toggle_text_color=&#8220;#000000&#8243; title=&#8220;Wer kann patax plus nutzen?&#8220;]<\/p>\n<p><span style=\"color: #000000;\">patax plus k\u00f6nnen und sollten Organisationen einsetzen, die Projekte in niedergelassenen Arztpraxen planen, bei welchen einerseits unabh\u00e4ngig von den PVS-Herstellern agiert werden soll und andererseits alle relevanten Daten aus den angebundenen PVS in Echtzeit zur Verf\u00fcgung gestellt bekommen m\u00fcssen. Dies kann beispielsweise ein \u00c4rztenetz mit einem speziellen IV-Vertrag zur Dokumentation zus\u00e4tzlicher Parameter sein, aber auch die Betreiber einer Gesundheits- oder Patientenakte, um eine l\u00fcckenlose Anbindung in beide Richtungen zu gew\u00e4hrleisten.<\/span><\/p>\n<p>[\/et_pb_toggle][et_pb_toggle admin_label=&#8220;Umschalter &#8211; Welche PVS&#8220; _builder_version=&#8220;3.0.89&#8243; open=&#8220;off&#8220; icon_color=&#8220;#933627&#8243; open_toggle_text_color=&#8220;#933627&#8243; closed_toggle_text_color=&#8220;#000000&#8243; title=&#8220;Mit welchen PVS funktioniert die Anbindung?&#8220;]<\/p>\n<p><span style=\"color: #000000;\">Die Anbindung ist an beinahe alle gebr\u00e4uchlichen Praxisverwaltungssysteme m\u00f6glich. Eine Liste aller aktuell unterst\u00fctzten Systeme finden Sie<\/span> <a href=\"https:\/\/www.axaris.de\/index.php\/patax-plus\/\"><em>hier.<\/em><\/a><\/p>\n<p>[\/et_pb_toggle][et_pb_toggle admin_label=&#8220;Umschalter &#8211; Praxisablauf&#8220; _builder_version=&#8220;3.0.89&#8243; open=&#8220;off&#8220; icon_color=&#8220;#933627&#8243; open_toggle_text_color=&#8220;#933627&#8243; closed_toggle_text_color=&#8220;#000000&#8243; title=&#8220;Wird durch patax plus der Praxisablauf beeintr\u00e4chtigt?&#8220;]<\/p>\n<p><span style=\"color: #000000;\">Nein, in keinster Weise. patax plus agiert v\u00f6llig eigenst\u00e4ndig und unabh\u00e4ngig von jeglichen anderen sich in der Praxis im Einsatz befindlichen Anwendungen. Auch wird der Workflow bei der Arbeit im PVS nicht beeintr\u00e4chtigt. Der Zugriff auf die PVS-Datenbanken findet mit patax plus ausschlie\u00dflich lesend statt. Lediglich \u00fcber die PVS-interne GDT-Schnittstelle k\u00f6nnen, bei Bedarf, Daten in der PVS-Karteikarte hinterlegt werden.<\/span><\/p>\n<p>[\/et_pb_toggle][et_pb_toggle admin_label=&#8220;Umschalter &#8211; bereits eingesetzt&#8220; _builder_version=&#8220;3.0.89&#8243; open=&#8220;off&#8220; icon_color=&#8220;#933627&#8243; open_toggle_text_color=&#8220;#933627&#8243; closed_toggle_text_color=&#8220;#000000&#8243; title=&#8220;Wird patax plus bereits eingesetzt?&#8220;]<\/p>\n<p><span style=\"color: #000000;\">Ja, in den unterschiedlichsten Gesundheitsbereichen, z.B. \u00c4rztenetzen, f\u00fcr den Regressschutz bei \u00c4rzten, der Versorgungsforschung f\u00fcr Facharztgruppen oder Industrie, f\u00fcr zentrale Register, als Anbindung an Gesundheitsakten oder als Datenlieferant f\u00fcr Analysesoftware.<\/span><\/p>\n<p><span style=\"color: #000000;\">Siehe u.a.<\/span> <a href=\"https:\/\/www.axaris.de\/wp-content\/uploads\/2018\/04\/success-story-gesundes-kinzigtal.pdf\" target=\"_blank\" rel=\"noopener noreferrer\">\u201e<em>Success-Story Gesundes Kinzigtal<\/em>\u201c<\/a> <em><span style=\"color: #000000;\">und<\/span> <\/em><a href=\"https:\/\/www.axaris.de\/wp-content\/uploads\/2018\/03\/Success-Story-extrax-henova-2017.pdf\" target=\"_blank\" rel=\"noopener noreferrer\">\u201e<em>Success-Story GMZ<\/em>\u201c<\/a><em>.<\/em><\/p>\n<p>[\/et_pb_toggle][et_pb_toggle admin_label=&#8220;Umschalter &#8211; Hinweisfenster&#8220; _builder_version=&#8220;3.0.89&#8243; open=&#8220;off&#8220; icon_color=&#8220;#933627&#8243; open_toggle_text_color=&#8220;#933627&#8243; closed_toggle_text_color=&#8220;#000000&#8243; title=&#8220;Wo wird das Hinweisfenster angezeigt?&#8220;]<\/p>\n<p><span style=\"color: #000000;\">Als Overlay-Fenster auf Ihrem Desktop. Dieses kann individuell pro Benutzer und Arbeitsplatz mit der Maus verschoben werden. Die Position des Fensters wird hierbei abgespeichert.<\/span><\/p>\n<p>[\/et_pb_toggle][et_pb_toggle admin_label=&#8220;Umschalter &#8211; Dokumentation&#8220; _builder_version=&#8220;3.0.89&#8243; open=&#8220;off&#8220; icon_color=&#8220;#933627&#8243; open_toggle_text_color=&#8220;#933627&#8243; closed_toggle_text_color=&#8220;#000000&#8243; title=&#8220;Zeigt das Hinweisfenster nur Informationen an oder kann darin auch dokumentiert werden?&#8220;]<\/p>\n<p><span style=\"color: #000000;\">Beides ist m\u00f6glich. Je nach Projekt kann entweder eine Information angezeigt und\/oder Aktionen des Benutzers eingefordert werden. Selbstverst\u00e4ndlich sind dabei auch Verlinkungen zu weiteren patax plus-Dokumentationsmasken oder aber externen Quellen (z.B. Patientenportale, Wissensdatenbanken, \u2026) m\u00f6glich.<\/span><\/p>\n<p>[\/et_pb_toggle][et_pb_toggle admin_label=&#8220;Umschalter &#8211; Durchf\u00fchrung&#8220; _builder_version=&#8220;3.0.89&#8243; open=&#8220;off&#8220; icon_color=&#8220;#933627&#8243; open_toggle_text_color=&#8220;#933627&#8243; closed_toggle_text_color=&#8220;#000000&#8243; title=&#8220;M\u00fcssen die im Hinweisfenster angezeigten Aktionen sofort durchgef\u00fchrt werden?&#8220;]<\/p>\n<p><span style=\"color: #000000;\">Nein. Verpasste oder nicht wahrgenommene Aktionen k\u00f6nnen, je nach Projekt, auch zu einem beliebigen sp\u00e4teren Zeitpunkt nachgeholt werden.<\/span><\/p>\n<p>[\/et_pb_toggle][et_pb_toggle admin_label=&#8220;Umschalter &#8211; Arbeitspl\u00e4tze&#8220; _builder_version=&#8220;3.0.89&#8243; open=&#8220;off&#8220; icon_color=&#8220;#933627&#8243; open_toggle_text_color=&#8220;#933627&#8243; closed_toggle_text_color=&#8220;#000000&#8243; title=&#8220;Kann patax plus an beliebig vielen Arbeitspl\u00e4tzen eingesetzt werden?&#8220;]<\/p>\n<p><span style=\"color: #000000;\">Ja, an jedem Arbeitsplatz, welcher an ihr Praxisnetzwerk angebunden ist, kann patax plus eingesetzt werden.<\/span><\/p>\n<p>[\/et_pb_toggle][et_pb_toggle admin_label=&#8220;Umschalter &#8211; welche Daten&#8220; _builder_version=&#8220;3.0.89&#8243; open=&#8220;off&#8220; icon_color=&#8220;#933627&#8243; open_toggle_text_color=&#8220;#933627&#8243; closed_toggle_text_color=&#8220;#000000&#8243; title=&#8220;Welche Daten k\u00f6nnen aus der PVS-Datenbank extrahiert werden?&#8220;]<\/p>\n<p><span style=\"color: #000000;\">Eine Liste aller aktuell unterst\u00fctzen Datenkategorien finden Sie<\/span> <em><a href=\"https:\/\/www.axaris.de\/index.php\/patax-plus\/#kategorie\">hier<\/a><\/em>.<\/p>\n<p>[\/et_pb_toggle][et_pb_toggle admin_label=&#8220;Umschalter &#8211; Aktualisierung&#8220; _builder_version=&#8220;3.0.89&#8243; open=&#8220;off&#8220; icon_color=&#8220;#933627&#8243; open_toggle_text_color=&#8220;#933627&#8243; closed_toggle_text_color=&#8220;#000000&#8243; title=&#8220;Wie wird patax plus aktualisiert?&#8220;]<\/p>\n<p><span style=\"color: #000000;\">Automatisch im Hintergrund. Es kann pro Praxis eingestellt werden, zu welchem Zeitpunkt auf neue Updates gepr\u00fcft werden soll. Im Regelfall geschieht dies n\u00e4chtlich.<\/span><\/p>\n<p>[\/et_pb_toggle][et_pb_toggle admin_label=&#8220;Umschalter &#8211; Neue Praxen&#8220; _builder_version=&#8220;3.0.89&#8243; open=&#8220;off&#8220; icon_color=&#8220;#933627&#8243; open_toggle_text_color=&#8220;#933627&#8243; closed_toggle_text_color=&#8220;#000000&#8243; title=&#8220;Wie kann man neue Praxen lizenzieren?&#8220;]<\/p>\n<p><span style=\"color: #000000;\">Je nach Projekt k\u00f6nnen neue Praxen oder neue \u00c4rzte entweder von den Betreibern des Projektes und den dort zust\u00e4ndigen Mitarbeitern oder \u00fcber die Verwaltungsabteilung der Firma axaris auf dem Lizenzserver angelegt und somit lizenziert werden.<\/span><\/p>\n<p>[\/et_pb_toggle][et_pb_toggle admin_label=&#8220;Umschalter &#8211; Karteikarte&#8220; _builder_version=&#8220;3.0.89&#8243; open=&#8220;off&#8220; icon_color=&#8220;#933627&#8243; open_toggle_text_color=&#8220;#933627&#8243; closed_toggle_text_color=&#8220;#000000&#8243; title=&#8220;K\u00f6nnen Daten zur\u00fcck in die PVS-Karteikarte geschrieben werden?&#8220;]<\/p>\n<p><span style=\"color: #000000;\">Ja, es k\u00f6nnen Daten und Dokumente \u00fcber die GDT-Schnittstelle in die Karteikarten der PVS zur\u00fcckgespielt werden. Oftmals ist ein Zur\u00fcckspielen der Daten in die PVS-Karteikarte aber gar nicht notwendig, da alle externen Informationen in den Hinweisfenstern von patax plus angezeigt werden. Oftmals wird ein Zur\u00fcckspielen von der Praxis auch deswegen abgelehnt, weil dadurch die eigene PVS-Karteikarte durch die vielen zus\u00e4tzlichen Eintr\u00e4ge un\u00fcbersichtlicher wird.<\/span><\/p>\n<p>[\/et_pb_toggle][et_pb_toggle admin_label=&#8220;Umschalter &#8211; Datenschutz&#8220; _builder_version=&#8220;3.0.89&#8243; open=&#8220;off&#8220; icon_color=&#8220;#933627&#8243; open_toggle_text_color=&#8220;#933627&#8243; closed_toggle_text_color=&#8220;#000000&#8243; title=&#8220;Inwieweit ist der Datenschutz gew\u00e4hrleistet?&#8220;]<\/p>\n<p><span style=\"color: #000000;\">Dem Datenschutz wird derart Rechnung getragen, dass projektspezifisch definiert werden kann, ob die exportierten Daten vollst\u00e4ndig anonymisiert, pseudonymisiert oder aber offen zur Verf\u00fcgung stehen sollen. Auch kann bestimmt werden, ob f\u00fcr bestimmte Parameter (z.B. Diagnosen oder Medikation) lediglich die jeweiligen Codes (z.B. ICD oder ATC) oder aber auch die dazugeh\u00f6rigen Texte aus der PVS-Karteikarte exportiert werden.<\/span><\/p>\n<p>[\/et_pb_toggle][et_pb_toggle admin_label=&#8220;Umschalter &#8211; Datensicherheit&#8220; _builder_version=&#8220;3.0.89&#8243; open=&#8220;off&#8220; icon_color=&#8220;#933627&#8243; open_toggle_text_color=&#8220;#933627&#8243; closed_toggle_text_color=&#8220;#000000&#8243; title=&#8220;Inwieweit ist die Datensicherheit gew\u00e4hrleistet?&#8220;]<\/p>\n<p><span style=\"color: #000000;\">F\u00fcr s\u00e4mtliche Datenpakete, die von patax plus nach einer PVS-Datenextraktion erstellt werden und die entweder f\u00fcr interne weitere Verwendungszwecke verwendet werden, oder aber aus projektspezifischen Gr\u00fcnden die Praxis verlassen, liegt, wie vom BSI gefordert, eine symmetrische Verschl\u00fcsselung nach dem Advanced Encryption Standard (AES) mit einer 256 bit Schl\u00fcssell\u00e4nge vor.<\/span><\/p>\n<p>[\/et_pb_toggle][\/et_pb_column][\/et_pb_row][\/et_pb_section]<\/p>\n","protected":false},"excerpt":{"rendered":"<p>[et_pb_section bb_built=&#8220;1&#8243; admin_label=&#8220;section&#8220; transparent_background=&#8220;off&#8220; background_color=&#8220;#dbdbdb&#8220; allow_player_pause=&#8220;off&#8220; inner_shadow=&#8220;off&#8220; parallax=&#8220;off&#8220; parallax_method=&#8220;off&#8220; padding_mobile=&#8220;off&#8220; make_fullwidth=&#8220;off&#8220; use_custom_width=&#8220;off&#8220; width_unit=&#8220;on&#8220; make_equal=&#8220;off&#8220; use_custom_gutter=&#8220;off&#8220; custom_padding_tablet=&#8220;50px|0|50px|0&#8243; custom_padding_last_edited=&#8220;on|desktop&#8220;][et_pb_row admin_label=&#8220;row&#8220; background_position=&#8220;top_left&#8220; background_repeat=&#8220;repeat&#8220; background_size=&#8220;initial&#8220;][et_pb_column type=&#8220;4_4&#8243;][et_pb_text background_layout=&#8220;light&#8220; use_border_color=&#8220;off&#8220; border_color=&#8220;#ffffff&#8220; border_style=&#8220;solid&#8220; background_position=&#8220;top_left&#8220; background_repeat=&#8220;repeat&#8220; background_size=&#8220;initial&#8220; _builder_version=&#8220;3.0.89&#8243; border_color_all=&#8220;#ffffff&#8220; border_style_all=&#8220;solid&#8220;] FAQs &#8211; patax plus [\/et_pb_text][\/et_pb_column][\/et_pb_row][et_pb_row admin_label=&#8220;row&#8220; background_position=&#8220;top_left&#8220; background_repeat=&#8220;repeat&#8220; background_size=&#8220;initial&#8220;][et_pb_column type=&#8220;4_4&#8243;][et_pb_toggle admin_label=&#8220;Umschalter &#8211; Was macht patax plus&#8220; _builder_version=&#8220;3.0.89&#8243; open=&#8220;off&#8220; icon_color=&#8220;#933627&#8243; open_toggle_text_color=&#8220;#933627&#8243; closed_toggle_text_color=&#8220;#000000&#8243; title=&#8220;Was genau [&hellip;]<\/p>\n","protected":false},"author":1,"featured_media":0,"parent":0,"menu_order":0,"comment_status":"closed","ping_status":"closed","template":"","meta":{"_et_pb_use_builder":"on","_et_pb_old_content":"","_et_gb_content_width":"","footnotes":""},"class_list":["post-6894","page","type-page","status-publish","hentry"],"yoast_head":"<!-- This site is optimized with the Yoast SEO plugin v27.5 - https:\/\/yoast.com\/product\/yoast-seo-wordpress\/ -->\n<title>patax plus FAQs - axaris - software &amp; systeme GmbH<\/title>\n<meta name=\"robots\" content=\"index, follow, max-snippet:-1, max-image-preview:large, max-video-preview:-1\" \/>\n<link rel=\"canonical\" href=\"https:\/\/axaris.de\/index.php\/patax-plus-faqs\/\" \/>\n<meta property=\"og:locale\" content=\"de_DE\" \/>\n<meta property=\"og:type\" content=\"article\" \/>\n<meta property=\"og:title\" content=\"patax plus FAQs - axaris - software &amp; systeme GmbH\" \/>\n<meta property=\"og:description\" content=\"[et_pb_section bb_built=&#8220;1&#8243; admin_label=&#8220;section&#8220; transparent_background=&#8220;off&#8220; background_color=&#8220;#dbdbdb&#8220; allow_player_pause=&#8220;off&#8220; inner_shadow=&#8220;off&#8220; parallax=&#8220;off&#8220; parallax_method=&#8220;off&#8220; padding_mobile=&#8220;off&#8220; make_fullwidth=&#8220;off&#8220; use_custom_width=&#8220;off&#8220; width_unit=&#8220;on&#8220; make_equal=&#8220;off&#8220; use_custom_gutter=&#8220;off&#8220; custom_padding_tablet=&#8220;50px|0|50px|0&#8243; custom_padding_last_edited=&#8220;on|desktop&#8220;][et_pb_row admin_label=&#8220;row&#8220; background_position=&#8220;top_left&#8220; background_repeat=&#8220;repeat&#8220; background_size=&#8220;initial&#8220;][et_pb_column type=&#8220;4_4&#8243;][et_pb_text background_layout=&#8220;light&#8220; use_border_color=&#8220;off&#8220; border_color=&#8220;#ffffff&#8220; border_style=&#8220;solid&#8220; background_position=&#8220;top_left&#8220; background_repeat=&#8220;repeat&#8220; background_size=&#8220;initial&#8220; _builder_version=&#8220;3.0.89&#8243; border_color_all=&#8220;#ffffff&#8220; border_style_all=&#8220;solid&#8220;] FAQs &#8211; patax plus [\/et_pb_text][\/et_pb_column][\/et_pb_row][et_pb_row admin_label=&#8220;row&#8220; background_position=&#8220;top_left&#8220; background_repeat=&#8220;repeat&#8220; background_size=&#8220;initial&#8220;][et_pb_column type=&#8220;4_4&#8243;][et_pb_toggle admin_label=&#8220;Umschalter &#8211; Was macht patax plus&#8220; _builder_version=&#8220;3.0.89&#8243; open=&#8220;off&#8220; icon_color=&#8220;#933627&#8243; open_toggle_text_color=&#8220;#933627&#8243; closed_toggle_text_color=&#8220;#000000&#8243; title=&#8220;Was genau [&hellip;]\" \/>\n<meta property=\"og:url\" content=\"https:\/\/axaris.de\/index.php\/patax-plus-faqs\/\" \/>\n<meta property=\"og:site_name\" content=\"axaris - software &amp; systeme GmbH\" \/>\n<meta property=\"article:publisher\" content=\"https:\/\/www.facebook.com\/axaris-software-systeme-GmbH-125442057567939\/\" \/>\n<meta property=\"article:modified_time\" content=\"2019-05-15T10:07:47+00:00\" \/>\n<meta name=\"twitter:card\" content=\"summary_large_image\" \/>\n<meta name=\"twitter:label1\" content=\"Gesch\u00e4tzte Lesezeit\" \/>\n\t<meta name=\"twitter:data1\" content=\"7\u00a0Minuten\" \/>\n<script type=\"application\/ld+json\" class=\"yoast-schema-graph\">{\"@context\":\"https:\\\/\\\/schema.org\",\"@graph\":[{\"@type\":\"WebPage\",\"@id\":\"https:\\\/\\\/axaris.de\\\/index.php\\\/patax-plus-faqs\\\/\",\"url\":\"https:\\\/\\\/axaris.de\\\/index.php\\\/patax-plus-faqs\\\/\",\"name\":\"patax plus FAQs - axaris - software &amp; systeme GmbH\",\"isPartOf\":{\"@id\":\"https:\\\/\\\/axaris.de\\\/#website\"},\"datePublished\":\"2018-08-30T08:21:02+00:00\",\"dateModified\":\"2019-05-15T10:07:47+00:00\",\"breadcrumb\":{\"@id\":\"https:\\\/\\\/axaris.de\\\/index.php\\\/patax-plus-faqs\\\/#breadcrumb\"},\"inLanguage\":\"de\",\"potentialAction\":[{\"@type\":\"ReadAction\",\"target\":[\"https:\\\/\\\/axaris.de\\\/index.php\\\/patax-plus-faqs\\\/\"]}]},{\"@type\":\"BreadcrumbList\",\"@id\":\"https:\\\/\\\/axaris.de\\\/index.php\\\/patax-plus-faqs\\\/#breadcrumb\",\"itemListElement\":[{\"@type\":\"ListItem\",\"position\":1,\"name\":\"Startseite\",\"item\":\"https:\\\/\\\/axaris.de\\\/\"},{\"@type\":\"ListItem\",\"position\":2,\"name\":\"patax plus FAQs\"}]},{\"@type\":\"WebSite\",\"@id\":\"https:\\\/\\\/axaris.de\\\/#website\",\"url\":\"https:\\\/\\\/axaris.de\\\/\",\"name\":\"axaris - software &amp; systeme GmbH\",\"description\":\"\",\"potentialAction\":[{\"@type\":\"SearchAction\",\"target\":{\"@type\":\"EntryPoint\",\"urlTemplate\":\"https:\\\/\\\/axaris.de\\\/?s={search_term_string}\"},\"query-input\":{\"@type\":\"PropertyValueSpecification\",\"valueRequired\":true,\"valueName\":\"search_term_string\"}}],\"inLanguage\":\"de\"}]}<\/script>\n<!-- \/ Yoast SEO plugin. -->","yoast_head_json":{"title":"patax plus FAQs - axaris - software &amp; systeme GmbH","robots":{"index":"index","follow":"follow","max-snippet":"max-snippet:-1","max-image-preview":"max-image-preview:large","max-video-preview":"max-video-preview:-1"},"canonical":"https:\/\/axaris.de\/index.php\/patax-plus-faqs\/","og_locale":"de_DE","og_type":"article","og_title":"patax plus FAQs - axaris - software &amp; systeme GmbH","og_description":"[et_pb_section bb_built=&#8220;1&#8243; admin_label=&#8220;section&#8220; transparent_background=&#8220;off&#8220; background_color=&#8220;#dbdbdb&#8220; allow_player_pause=&#8220;off&#8220; inner_shadow=&#8220;off&#8220; parallax=&#8220;off&#8220; parallax_method=&#8220;off&#8220; padding_mobile=&#8220;off&#8220; make_fullwidth=&#8220;off&#8220; use_custom_width=&#8220;off&#8220; width_unit=&#8220;on&#8220; make_equal=&#8220;off&#8220; use_custom_gutter=&#8220;off&#8220; custom_padding_tablet=&#8220;50px|0|50px|0&#8243; custom_padding_last_edited=&#8220;on|desktop&#8220;][et_pb_row admin_label=&#8220;row&#8220; background_position=&#8220;top_left&#8220; background_repeat=&#8220;repeat&#8220; background_size=&#8220;initial&#8220;][et_pb_column type=&#8220;4_4&#8243;][et_pb_text background_layout=&#8220;light&#8220; use_border_color=&#8220;off&#8220; border_color=&#8220;#ffffff&#8220; border_style=&#8220;solid&#8220; background_position=&#8220;top_left&#8220; background_repeat=&#8220;repeat&#8220; background_size=&#8220;initial&#8220; _builder_version=&#8220;3.0.89&#8243; border_color_all=&#8220;#ffffff&#8220; border_style_all=&#8220;solid&#8220;] FAQs &#8211; patax plus [\/et_pb_text][\/et_pb_column][\/et_pb_row][et_pb_row admin_label=&#8220;row&#8220; background_position=&#8220;top_left&#8220; background_repeat=&#8220;repeat&#8220; background_size=&#8220;initial&#8220;][et_pb_column type=&#8220;4_4&#8243;][et_pb_toggle admin_label=&#8220;Umschalter &#8211; Was macht patax plus&#8220; _builder_version=&#8220;3.0.89&#8243; open=&#8220;off&#8220; icon_color=&#8220;#933627&#8243; open_toggle_text_color=&#8220;#933627&#8243; closed_toggle_text_color=&#8220;#000000&#8243; title=&#8220;Was genau [&hellip;]","og_url":"https:\/\/axaris.de\/index.php\/patax-plus-faqs\/","og_site_name":"axaris - software &amp; systeme GmbH","article_publisher":"https:\/\/www.facebook.com\/axaris-software-systeme-GmbH-125442057567939\/","article_modified_time":"2019-05-15T10:07:47+00:00","twitter_card":"summary_large_image","twitter_misc":{"Gesch\u00e4tzte Lesezeit":"7\u00a0Minuten"},"schema":{"@context":"https:\/\/schema.org","@graph":[{"@type":"WebPage","@id":"https:\/\/axaris.de\/index.php\/patax-plus-faqs\/","url":"https:\/\/axaris.de\/index.php\/patax-plus-faqs\/","name":"patax plus FAQs - axaris - software &amp; systeme GmbH","isPartOf":{"@id":"https:\/\/axaris.de\/#website"},"datePublished":"2018-08-30T08:21:02+00:00","dateModified":"2019-05-15T10:07:47+00:00","breadcrumb":{"@id":"https:\/\/axaris.de\/index.php\/patax-plus-faqs\/#breadcrumb"},"inLanguage":"de","potentialAction":[{"@type":"ReadAction","target":["https:\/\/axaris.de\/index.php\/patax-plus-faqs\/"]}]},{"@type":"BreadcrumbList","@id":"https:\/\/axaris.de\/index.php\/patax-plus-faqs\/#breadcrumb","itemListElement":[{"@type":"ListItem","position":1,"name":"Startseite","item":"https:\/\/axaris.de\/"},{"@type":"ListItem","position":2,"name":"patax plus FAQs"}]},{"@type":"WebSite","@id":"https:\/\/axaris.de\/#website","url":"https:\/\/axaris.de\/","name":"axaris - software &amp; systeme GmbH","description":"","potentialAction":[{"@type":"SearchAction","target":{"@type":"EntryPoint","urlTemplate":"https:\/\/axaris.de\/?s={search_term_string}"},"query-input":{"@type":"PropertyValueSpecification","valueRequired":true,"valueName":"search_term_string"}}],"inLanguage":"de"}]}},"_links":{"self":[{"href":"https:\/\/axaris.de\/index.php\/wp-json\/wp\/v2\/pages\/6894","targetHints":{"allow":["GET"]}}],"collection":[{"href":"https:\/\/axaris.de\/index.php\/wp-json\/wp\/v2\/pages"}],"about":[{"href":"https:\/\/axaris.de\/index.php\/wp-json\/wp\/v2\/types\/page"}],"author":[{"embeddable":true,"href":"https:\/\/axaris.de\/index.php\/wp-json\/wp\/v2\/users\/1"}],"replies":[{"embeddable":true,"href":"https:\/\/axaris.de\/index.php\/wp-json\/wp\/v2\/comments?post=6894"}],"version-history":[{"count":27,"href":"https:\/\/axaris.de\/index.php\/wp-json\/wp\/v2\/pages\/6894\/revisions"}],"predecessor-version":[{"id":7267,"href":"https:\/\/axaris.de\/index.php\/wp-json\/wp\/v2\/pages\/6894\/revisions\/7267"}],"wp:attachment":[{"href":"https:\/\/axaris.de\/index.php\/wp-json\/wp\/v2\/media?parent=6894"}],"curies":[{"name":"wp","href":"https:\/\/api.w.org\/{rel}","templated":true}]}}